{"id":294,"date":"2018-04-28T09:52:50","date_gmt":"2018-04-28T07:52:50","guid":{"rendered":"http:\/\/pixonauts.com\/campingplatz\/?page_id=294"},"modified":"2025-02-14T08:21:18","modified_gmt":"2025-02-14T07:21:18","slug":"imprint","status":"publish","type":"page","link":"https:\/\/campingland-ostsee.de\/en\/imprint\/","title":{"rendered":"Imprint"},"content":{"rendered":"<h4>Campingland Ostsee GmbH &amp; Co. KG.<\/h4>\n<p>Furthkoppel<br \/>\n23730 Bliesdorf<\/p>\n<p>E-Mail: info@campingland-ostsee.de<br \/>\nWeb: https:\/\/campingland-ostsee.de\/en<\/p>\n<p>Telefon: +49 (0)4562 6056<\/p>\n<p>Vertreten durch den Gesch\u00e4ftsf\u00fchrer:<br \/>\nHinrich Behrens<br \/>\nAmtsgericht HRA 6675 HL AG L\u00fcbeck<br \/>\nUst-ID: DE 275 809 791<\/p>\n<h4>1. Haftungsausschluss<\/h4>\n<p>F\u00fcr die auf der Homepage enthaltenen Links und Verweise zu anderen Webseiten und den dort enthaltenen Inhalten wird keine Verantwortung \u00fcbernommen. Es wird kein Anspruch auf Vollst\u00e4ndigkeit und Ausschliesslichkeit der Inhalte erhoben. Eine Haftung f\u00fcr die ver\u00f6ffentlichten Inhalte wird nicht \u00fcbernommen. Trotz gr\u00f6\u00dfter Sorgfalt kann f\u00fcr die Richtigkeit der Ergebnisse jedoch keine Gew\u00e4hr \u00fcbernommen werden.<\/p>\n<h4>2. Urheberrechtshinweis<\/h4>\n<p>Alle auf der Hompage ver\u00f6ffentlichten Abbildungen, Beitr\u00e4ge, Aufs\u00e4tze und Programme sind urheberrechtlich gesch\u00fctzt. Jede vom Urhebergesetz nicht zugelassene Verwertung bedarf vorheriger schriftlicher Zustimmung des Anbieters. Dies gilt insbesondere bei Vervielf\u00e4ltigung, Bearbeitung und Verarbeitung von Inhalten in elektronischen Medien.<\/p>\n<h4>3. Streitbeilegung<\/h4>\n<p>Die Europ\u00e4ische Kommission stellt eine Plattform zur Online-Streitbeilegung (OS) bereit, die Sie hier finden <a href=\"http:\/\/ec.europa.eu\/consumers\/odr\/\" target=\"_blank\" rel=\"nofollow noopener noreferrer\">http:\/\/ec.europa.eu\/consumers\/odr\/<\/a>.<br \/>\nWir sind bereit, an einem au\u00dfergerichtlichen Schlichtungsverfahren vor einer Verbraucherschlichtungsstelle teilzunehmen.<br \/>\nZust\u00e4ndig ist die Allgemeine Verbraucherschlichtungsstelle des Zentrums f\u00fcr Schlichtung e.V., Stra\u00dfburger Stra\u00dfe 8, 77694 Kehl am Rhein, <a href=\"http:\/\/www.verbraucher-schlichter.de\" target=\"_blank\" rel=\"nofollow noopener noreferrer\">www.verbraucher-schlichter.de<\/a>.<\/p>\n","protected":false},"excerpt":{"rendered":"<p>Campingland Ostsee GmbH &amp; Co. KG. Furthkoppel 23730 Bliesdorf E-Mail: info@campingland-ostsee.de Web: https:\/\/campingland-ostsee.de\/en Telefon: +49 (0)4562 6056 [&hellip;]<\/p>\n","protected":false},"author":1,"featured_media":0,"parent":0,"menu_order":18,"comment_status":"closed","ping_status":"closed","template":"","meta":{"_acf_changed":false,"footnotes":""},"class_list":["post-294","page","type-page","status-publish","hentry"],"acf":[],"_links":{"self":[{"href":"https:\/\/campingland-ostsee.de\/en\/wp-json\/wp\/v2\/pages\/294","targetHints":{"allow":["GET"]}}],"collection":[{"href":"https:\/\/campingland-ostsee.de\/en\/wp-json\/wp\/v2\/pages"}],"about":[{"href":"https:\/\/campingland-ostsee.de\/en\/wp-json\/wp\/v2\/types\/page"}],"author":[{"embeddable":true,"href":"https:\/\/campingland-ostsee.de\/en\/wp-json\/wp\/v2\/users\/1"}],"replies":[{"embeddable":true,"href":"https:\/\/campingland-ostsee.de\/en\/wp-json\/wp\/v2\/comments?post=294"}],"version-history":[{"count":0,"href":"https:\/\/campingland-ostsee.de\/en\/wp-json\/wp\/v2\/pages\/294\/revisions"}],"wp:attachment":[{"href":"https:\/\/campingland-ostsee.de\/en\/wp-json\/wp\/v2\/media?parent=294"}],"curies":[{"name":"wp","href":"https:\/\/api.w.org\/{rel}","templated":true}]}}